{"id":22,"date":"2020-05-04T12:05:14","date_gmt":"2020-05-04T12:05:14","guid":{"rendered":"https:\/\/pinegrove.onlinegolfshop.ca\/?page_id=22"},"modified":"2020-05-13T16:51:00","modified_gmt":"2020-05-13T20:51:00","slug":"homepage","status":"publish","type":"page","link":"https:\/\/pinegrove.onlinegolfshop.ca\/en\/","title":{"rendered":"Home page"},"content":{"rendered":"<p style=\"color:#00488b;font-size:28px\" class=\"has-text-color has-text-align-center\"><strong>Welcome to the Pinegrove Online Golf Shop<\/strong><\/p>\n\n\n\n<hr class=\"wp-block-separator\"\/>\n\n\n\n<p>The purpose of our new online boutique is to give Pinegrove members an additional access point to the pro-shop\u2019s inventory from the comfort of your home.<\/p>\n\n\n\n<p>With the constraint on social distancing, different options are available for retrieving your order; the item can be delivered directly to your home (additional fee), it can be picked up at the pro-shop by appointment, left on the first tee when you have a starting time or put in your locker once the clubhouse is open.<\/p>\n\n\n\n<p>The online boutique will be accessible year round and we will post as many items as possible during the season and the off-season.<\/p>\n\n\n\n<p class=\"has-text-align-right\">Thank you for your support and happy shopping! <strong><em>The Pro Shop Team<\/em><\/strong><\/p>\n\n\n\n<p><\/p>","protected":false},"excerpt":{"rendered":"<p>Bienvenue dans la boutique de golf en ligne Pinegrove L\u2019objectif de la nouvelle boutique en ligne de Pinegrove est d\u2019offrir aux membres un acc\u00e8s additionnel \u00e0 son inventaire du confort de leur foyer. \u00c9tant conscients des d\u00e9fis occasionn\u00e9s par la p\u00e9riode de distanciation physique, nous vous offrirons diff\u00e9rentes options afin de r\u00e9cup\u00e9rer vos achats. Vous [&hellip;]<\/p>\n","protected":false},"author":2,"featured_media":0,"parent":0,"menu_order":0,"comment_status":"closed","ping_status":"closed","template":"template-fullwidth.php","meta":{"footnotes":""},"class_list":["post-22","page","type-page","status-publish","hentry"],"_links":{"self":[{"href":"https:\/\/pinegrove.onlinegolfshop.ca\/en\/wp-json\/wp\/v2\/pages\/22","targetHints":{"allow":["GET"]}}],"collection":[{"href":"https:\/\/pinegrove.onlinegolfshop.ca\/en\/wp-json\/wp\/v2\/pages"}],"about":[{"href":"https:\/\/pinegrove.onlinegolfshop.ca\/en\/wp-json\/wp\/v2\/types\/page"}],"author":[{"embeddable":true,"href":"https:\/\/pinegrove.onlinegolfshop.ca\/en\/wp-json\/wp\/v2\/users\/2"}],"replies":[{"embeddable":true,"href":"https:\/\/pinegrove.onlinegolfshop.ca\/en\/wp-json\/wp\/v2\/comments?post=22"}],"version-history":[{"count":3,"href":"https:\/\/pinegrove.onlinegolfshop.ca\/en\/wp-json\/wp\/v2\/pages\/22\/revisions"}],"predecessor-version":[{"id":84,"href":"https:\/\/pinegrove.onlinegolfshop.ca\/en\/wp-json\/wp\/v2\/pages\/22\/revisions\/84"}],"wp:attachment":[{"href":"https:\/\/pinegrove.onlinegolfshop.ca\/en\/wp-json\/wp\/v2\/media?parent=22"}],"curies":[{"name":"wp","href":"https:\/\/api.w.org\/{rel}","templated":true}]}}